{"id":1613,"date":"2020-06-26T12:30:47","date_gmt":"2020-06-26T12:30:47","guid":{"rendered":"https:\/\/wildwestfjords.com\/?page_id=1613"},"modified":"2024-02-05T10:34:43","modified_gmt":"2024-02-05T10:34:43","slug":"privacy-policy","status":"publish","type":"page","link":"https:\/\/wildwestfjords.com\/de\/privacy-policy\/","title":{"rendered":"Datenschutzbestimmungen"},"content":{"rendered":"<div data-elementor-type=\"wp-page\" data-elementor-id=\"1613\" class=\"elementor elementor-1613\" data-elementor-post-type=\"page\">\n\t\t\t\t\t\t<section class=\"elementor-section elementor-top-section elementor-element elementor-element-1582eaf8 elementor-section-stretched elementor-section-full_width elementor-section-height-default elementor-section-height-default\" data-id=\"1582eaf8\" data-element_type=\"section\" data-e-type=\"section\" data-settings=\"{&quot;stretch_section&quot;:&quot;section-stretched&quot;,&quot;background_background&quot;:&quot;classic&quot;}\">\n\t\t\t\t\t\t<div class=\"elementor-container elementor-column-gap-default\">\n\t\t\t\t\t<div class=\"elementor-column elementor-col-100 elementor-top-column elementor-element elementor-element-17e12521\" data-id=\"17e12521\" data-element_type=\"column\" data-e-type=\"column\">\n\t\t\t<div class=\"elementor-widget-wrap elementor-element-populated\">\n\t\t\t\t\t\t<section class=\"elementor-section elementor-inner-section elementor-element elementor-element-4bca15d elementor-section-boxed elementor-section-height-default elementor-section-height-default\" data-id=\"4bca15d\" data-element_type=\"section\" data-e-type=\"section\">\n\t\t\t\t\t\t<div class=\"elementor-container elementor-column-gap-default\">\n\t\t\t\t\t<div class=\"elementor-column elementor-col-100 elementor-inner-column elementor-element elementor-element-b4854ba\" data-id=\"b4854ba\" data-element_type=\"column\" data-e-type=\"column\">\n\t\t\t<div class=\"elementor-widget-wrap elementor-element-populated\">\n\t\t\t\t\t\t<div class=\"elementor-element elementor-element-78bdb67a elementor-widget elementor-widget-spacer\" data-id=\"78bdb67a\" data-element_type=\"widget\" data-e-type=\"widget\" data-widget_type=\"spacer.default\">\n\t\t\t\t<div class=\"elementor-widget-container\">\n\t\t\t\t\t\t\t<div class=\"elementor-spacer\">\n\t\t\t<div class=\"elementor-spacer-inner\"><\/div>\n\t\t<\/div>\n\t\t\t\t\t\t<\/div>\n\t\t\t\t<\/div>\n\t\t\t\t<div class=\"elementor-element elementor-element-289f2a44 elementor-widget elementor-widget-heading\" data-id=\"289f2a44\" data-element_type=\"widget\" data-e-type=\"widget\" data-widget_type=\"heading.default\">\n\t\t\t\t<div class=\"elementor-widget-container\">\n\t\t\t\t\t<h2 class=\"elementor-heading-title elementor-size-default\">Datenschutzbestimmungen<\/h2>\t\t\t\t<\/div>\n\t\t\t\t<\/div>\n\t\t\t\t<div class=\"elementor-element elementor-element-1a03fe15 elementor-widget elementor-widget-spacer\" data-id=\"1a03fe15\" data-element_type=\"widget\" data-e-type=\"widget\" data-widget_type=\"spacer.default\">\n\t\t\t\t<div class=\"elementor-widget-container\">\n\t\t\t\t\t\t\t<div class=\"elementor-spacer\">\n\t\t\t<div class=\"elementor-spacer-inner\"><\/div>\n\t\t<\/div>\n\t\t\t\t\t\t<\/div>\n\t\t\t\t<\/div>\n\t\t\t\t\t<\/div>\n\t\t<\/div>\n\t\t\t\t\t<\/div>\n\t\t<\/section>\n\t\t\t\t\t<\/div>\n\t\t<\/div>\n\t\t\t\t\t<\/div>\n\t\t<\/section>\n\t\t\t\t<section class=\"elementor-section elementor-top-section elementor-element elementor-element-2aed93a5 elementor-section-boxed elementor-section-height-default elementor-section-height-default\" data-id=\"2aed93a5\" data-element_type=\"section\" data-e-type=\"section\">\n\t\t\t\t\t\t<div class=\"elementor-container elementor-column-gap-default\">\n\t\t\t\t\t<div class=\"elementor-column elementor-col-100 elementor-top-column elementor-element elementor-element-7d7e9b31\" data-id=\"7d7e9b31\" data-element_type=\"column\" data-e-type=\"column\">\n\t\t\t<div class=\"elementor-widget-wrap elementor-element-populated\">\n\t\t\t\t\t\t<div class=\"elementor-element elementor-element-b0accdf elementor-widget elementor-widget-breadcrumbs\" data-id=\"b0accdf\" data-element_type=\"widget\" data-e-type=\"widget\" data-widget_type=\"breadcrumbs.default\">\n\t\t\t\t<div class=\"elementor-widget-container\">\n\t\t\t\t\t<p id=\"breadcrumbs\"><span><span><a href=\"https:\/\/wildwestfjords.com\/\">Startseite<\/a><\/span><\/span><\/p>\t\t\t\t<\/div>\n\t\t\t\t<\/div>\n\t\t\t\t<div class=\"elementor-element elementor-element-28db44bf elementor-widget elementor-widget-text-editor\" data-id=\"28db44bf\" data-element_type=\"widget\" data-e-type=\"widget\" data-widget_type=\"text-editor.default\">\n\t\t\t\t<div class=\"elementor-widget-container\">\n\t\t\t\t\t\t\t\t\t<p>Diese Datenschutzrichtlinie gilt f\u00fcr den Umgang mit pers\u00f6nlichen Daten, die Sie uns w\u00e4hrend des Buchungs- und Kommunikationsprozesses mit Arctic Shorex \u00fcbermitteln.<\/p>\n<p><span style=\"font-size: 14px;\">Wir verwenden Ihre pers\u00f6nlichen Daten, um Ihnen unsere Dienstleistungen anzubieten und mitzuteilen. Wenn Sie unsere Dienste in Anspruch nehmen, erkl\u00e4ren Sie sich mit der Erfassung und Verwendung von Daten gem\u00e4\u00df dieser Richtlinie einverstanden.<\/span><\/p>\n<h5><b style=\"font-style: inherit;\">Erhebung und Nutzung von Informationen<\/b><\/h5>\n<p>Bei der Nutzung unseres Dienstes werden Sie m\u00f6glicherweise aufgefordert, uns bestimmte personenbezogene Daten mitzuteilen, die dazu verwendet werden k\u00f6nnen, Sie zu kontaktieren oder zu identifizieren. Zu den pers\u00f6nlich identifizierbaren Informationen k\u00f6nnen unter anderem Ihr Name, Ihre Telefonnummer, Ihre Adresse, Ihre E-Mail-Adresse und andere Informationen (\"pers\u00f6nliche Informationen\") geh\u00f6ren.<\/p>\n<h5><b>Registrierungsdaten<\/b><\/h5>\n<p>Wir erheben Informationen, die Ihr Browser sendet, wenn Sie auf unserer Website Formulare ausf\u00fcllen oder Buchungen vornehmen (\"Registrierungsdaten\"). Diese Registrierungsdaten k\u00f6nnen Informationen wie Ihre IP-Adresse, den Browsertyp, die Browserversion, die von Ihnen besuchten Seiten des Dienstes, die Uhrzeit und das Datum Ihres Besuchs, die Zeit, die Sie auf diesen Seiten verbracht haben, und andere Statistiken enthalten.<\/p>\n<h5><b>Cookies<\/b><\/h5>\n<p>Cookies sind kleine Textdateien, die auf Ihrem Computer, Telefon oder Smartger\u00e4t gespeichert werden, wenn Sie eine Webseite besuchen. Cookies werden im Allgemeinen verwendet, um die Schnittstelle und die Benutzerfreundlichkeit der Website zu verbessern. Auch wird die Website wichtige Informationen aus Ihren fr\u00fcheren Besuchen zur Verf\u00fcgung stellen. Cookies sind sicher, sie enthalten keinen Code und k\u00f6nnen nicht f\u00fcr den Zugriff auf Ihren Computer verwendet werden.<\/p>\n<h5><b>Anbieter von Dienstleistungen<\/b><\/h5>\n<p>Gelegentlich greifen wir auf Drittunternehmen und Einzelpersonen zur\u00fcck, um unsere Dienstleistungen zu erleichtern, in unserem Namen Dienstleistungen zu erbringen oder diesbez\u00fcgliche Dienstleistungen zu erbringen.<br><span style=\"font-size: 14px;\">Diese Dritten haben ausschlie\u00dflich zum Zweck der Erbringung der vertraglich vereinbarten Dienstleistungen in unserem Namen Zugang zu Ihren personenbezogenen Daten.<\/span><\/p>\n<h5><b>Sicherheit<\/b><\/h5>\n<p>Die Sicherheit Ihrer pers\u00f6nlichen Daten ist uns wichtig, und wir verwenden modernste Buchungssysteme und Software, um Ihre pers\u00f6nlichen Daten zu verarbeiten und zu sch\u00fctzen, aber denken Sie daran, dass keine Methode der Daten\u00fcbertragung \u00fcber das Internet oder elektronische Speichermethode 100% sicher ist.<\/p>\n<div>&nbsp;<\/div>\t\t\t\t\t\t\t\t<\/div>\n\t\t\t\t<\/div>\n\t\t\t\t\t<\/div>\n\t\t<\/div>\n\t\t\t\t\t<\/div>\n\t\t<\/section>\n\t\t\t\t<\/div>","protected":false},"excerpt":{"rendered":"<p>Privacy Policy This privacy policy applies to the handling of personal information that you submit to us during the booking and communication process with Arctic Shorex. We use your personal information to provide and communicate our services to you. You agree to the collection and use of information in accordance with this policy by inquiring [&hellip;]<\/p>\n","protected":false},"author":2,"featured_media":0,"parent":0,"menu_order":0,"comment_status":"closed","ping_status":"closed","template":"","meta":{"_acf_changed":false,"site-sidebar-layout":"no-sidebar","site-content-layout":"page-builder","ast-site-content-layout":"","site-content-style":"default","site-sidebar-style":"default","ast-global-header-display":"","ast-banner-title-visibility":"","ast-main-header-display":"","ast-hfb-above-header-display":"","ast-hfb-below-header-display":"","ast-hfb-mobile-header-display":"","site-post-title":"disabled","ast-breadcrumbs-content":"","ast-featured-img":"disabled","footer-sml-layout":"","theme-transparent-header-meta":"default","adv-header-id-meta":"","stick-header-meta":"default","header-above-stick-meta":"","header-main-stick-meta":"","header-below-stick-meta":"","astra-migrate-meta-layouts":"default","ast-page-background-enabled":"default","ast-page-background-meta":{"desktop":{"background-color":"","background-image":"","background-repeat":"repeat","background-position":"center center","background-size":"auto","background-attachment":"scroll","background-type":"","background-media":"","overlay-type":"","overlay-color":"","overlay-opacity":"","overlay-gradient":""},"tablet":{"background-color":"","background-image":"","background-repeat":"repeat","background-position":"center center","background-size":"auto","background-attachment":"scroll","background-type":"","background-media":"","overlay-type":"","overlay-color":"","overlay-opacity":"","overlay-gradient":""},"mobile":{"background-color":"","background-image":"","background-repeat":"repeat","background-position":"center center","background-size":"auto","background-attachment":"scroll","background-type":"","background-media":"","overlay-type":"","overlay-color":"","overlay-opacity":"","overlay-gradient":""}},"ast-content-background-meta":{"desktop":{"background-color":"var(--ast-global-color-5)","background-image":"","background-repeat":"repeat","background-position":"center center","background-size":"auto","background-attachment":"scroll","background-type":"","background-media":"","overlay-type":"","overlay-color":"","overlay-opacity":"","overlay-gradient":""},"tablet":{"background-color":"var(--ast-global-color-5)","background-image":"","background-repeat":"repeat","background-position":"center center","background-size":"auto","background-attachment":"scroll","background-type":"","background-media":"","overlay-type":"","overlay-color":"","overlay-opacity":"","overlay-gradient":""},"mobile":{"background-color":"var(--ast-global-color-5)","background-image":"","background-repeat":"repeat","background-position":"center center","background-size":"auto","background-attachment":"scroll","background-type":"","background-media":"","overlay-type":"","overlay-color":"","overlay-opacity":"","overlay-gradient":""}},"footnotes":""},"class_list":["post-1613","page","type-page","status-publish","hentry"],"acf":[],"yoast_head":"<!-- This site is optimized with the Yoast SEO plugin v27.4 - https:\/\/yoast.com\/product\/yoast-seo-wordpress\/ -->\n<title>Privacy Policy &#8211; Wild Westfjords<\/title>\n<meta name=\"description\" content=\"This privacy policy applies to the handling of personal information that you submit to us during the booking and communication process.\" \/>\n<meta name=\"robots\" content=\"index, follow, max-snippet:-1, max-image-preview:large, max-video-preview:-1\" \/>\n<link rel=\"canonical\" href=\"https:\/\/wildwestfjords.com\/de\/privacy-policy\/\" \/>\n<meta property=\"og:locale\" content=\"de_DE\" \/>\n<meta property=\"og:type\" content=\"article\" \/>\n<meta property=\"og:title\" content=\"Privacy Policy &#8211; Wild Westfjords\" \/>\n<meta property=\"og:description\" content=\"This privacy policy applies to the handling of personal information that you submit to us during the booking and communication process.\" \/>\n<meta property=\"og:url\" content=\"https:\/\/wildwestfjords.com\/de\/privacy-policy\/\" \/>\n<meta property=\"og:site_name\" content=\"Wild Westfjords\" \/>\n<meta property=\"article:publisher\" content=\"https:\/\/www.facebook.com\/wildwestfjords\" \/>\n<meta property=\"article:modified_time\" content=\"2024-02-05T10:34:43+00:00\" \/>\n<meta name=\"twitter:card\" content=\"summary_large_image\" \/>\n<meta name=\"twitter:site\" content=\"@wildwestfjords\" \/>\n<meta name=\"twitter:label1\" content=\"Gesch\u00e4tzte Lesezeit\" \/>\n\t<meta name=\"twitter:data1\" content=\"2\u00a0Minuten\" \/>\n<script type=\"application\/ld+json\" class=\"yoast-schema-graph\">{\"@context\":\"https:\\\/\\\/schema.org\",\"@graph\":[{\"@type\":\"WebPage\",\"@id\":\"https:\\\/\\\/wildwestfjords.com\\\/privacy-policy\\\/\",\"url\":\"https:\\\/\\\/wildwestfjords.com\\\/privacy-policy\\\/\",\"name\":\"Privacy Policy &#8211; Wild Westfjords\",\"isPartOf\":{\"@id\":\"https:\\\/\\\/wildwestfjords.com\\\/#website\"},\"datePublished\":\"2020-06-26T12:30:47+00:00\",\"dateModified\":\"2024-02-05T10:34:43+00:00\",\"description\":\"This privacy policy applies to the handling of personal information that you submit to us during the booking and communication process.\",\"breadcrumb\":{\"@id\":\"https:\\\/\\\/wildwestfjords.com\\\/privacy-policy\\\/#breadcrumb\"},\"inLanguage\":\"de\",\"potentialAction\":[{\"@type\":\"ReadAction\",\"target\":[\"https:\\\/\\\/wildwestfjords.com\\\/privacy-policy\\\/\"]}]},{\"@type\":\"BreadcrumbList\",\"@id\":\"https:\\\/\\\/wildwestfjords.com\\\/privacy-policy\\\/#breadcrumb\",\"itemListElement\":[{\"@type\":\"ListItem\",\"position\":1,\"name\":\"Home\",\"item\":\"https:\\\/\\\/wildwestfjords.com\\\/\"},{\"@type\":\"ListItem\",\"position\":2,\"name\":\"Privacy Policy\"}]},{\"@type\":\"WebSite\",\"@id\":\"https:\\\/\\\/wildwestfjords.com\\\/#website\",\"url\":\"https:\\\/\\\/wildwestfjords.com\\\/\",\"name\":\"Wild Westfjords\",\"description\":\"Your Westfjords expert\",\"publisher\":{\"@id\":\"https:\\\/\\\/wildwestfjords.com\\\/#organization\"},\"potentialAction\":[{\"@type\":\"SearchAction\",\"target\":{\"@type\":\"EntryPoint\",\"urlTemplate\":\"https:\\\/\\\/wildwestfjords.com\\\/?s={search_term_string}\"},\"query-input\":{\"@type\":\"PropertyValueSpecification\",\"valueRequired\":true,\"valueName\":\"search_term_string\"}}],\"inLanguage\":\"de\"},{\"@type\":\"Organization\",\"@id\":\"https:\\\/\\\/wildwestfjords.com\\\/#organization\",\"name\":\"Wild Westfjords\",\"url\":\"https:\\\/\\\/wildwestfjords.com\\\/\",\"logo\":{\"@type\":\"ImageObject\",\"inLanguage\":\"de\",\"@id\":\"https:\\\/\\\/wildwestfjords.com\\\/#\\\/schema\\\/logo\\\/image\\\/\",\"url\":\"https:\\\/\\\/wildwestfjords.com\\\/wp-content\\\/uploads\\\/2024\\\/09\\\/Final-01.png\",\"contentUrl\":\"https:\\\/\\\/wildwestfjords.com\\\/wp-content\\\/uploads\\\/2024\\\/09\\\/Final-01.png\",\"width\":2560,\"height\":1275,\"caption\":\"Wild Westfjords\"},\"image\":{\"@id\":\"https:\\\/\\\/wildwestfjords.com\\\/#\\\/schema\\\/logo\\\/image\\\/\"},\"sameAs\":[\"https:\\\/\\\/www.facebook.com\\\/wildwestfjords\",\"https:\\\/\\\/x.com\\\/wildwestfjords\",\"https:\\\/\\\/www.instagram.com\\\/wildwestfjords\\\/\"]}]}<\/script>\n<!-- \/ Yoast SEO plugin. -->","yoast_head_json":{"title":"Datenschutzerkl\u00e4rung - Wild Westfjords","description":"Diese Datenschutzrichtlinie gilt f\u00fcr den Umgang mit personenbezogenen Daten, die Sie uns w\u00e4hrend des Buchungs- und Kommunikationsprozesses \u00fcbermitteln.","robots":{"index":"index","follow":"follow","max-snippet":"max-snippet:-1","max-image-preview":"max-image-preview:large","max-video-preview":"max-video-preview:-1"},"canonical":"https:\/\/wildwestfjords.com\/de\/privacy-policy\/","og_locale":"de_DE","og_type":"article","og_title":"Privacy Policy &#8211; Wild Westfjords","og_description":"This privacy policy applies to the handling of personal information that you submit to us during the booking and communication process.","og_url":"https:\/\/wildwestfjords.com\/de\/privacy-policy\/","og_site_name":"Wild Westfjords","article_publisher":"https:\/\/www.facebook.com\/wildwestfjords","article_modified_time":"2024-02-05T10:34:43+00:00","twitter_card":"summary_large_image","twitter_site":"@wildwestfjords","twitter_misc":{"Gesch\u00e4tzte Lesezeit":"2\u00a0Minuten"},"schema":{"@context":"https:\/\/schema.org","@graph":[{"@type":"WebPage","@id":"https:\/\/wildwestfjords.com\/privacy-policy\/","url":"https:\/\/wildwestfjords.com\/privacy-policy\/","name":"Datenschutzerkl\u00e4rung - Wild Westfjords","isPartOf":{"@id":"https:\/\/wildwestfjords.com\/#website"},"datePublished":"2020-06-26T12:30:47+00:00","dateModified":"2024-02-05T10:34:43+00:00","description":"Diese Datenschutzrichtlinie gilt f\u00fcr den Umgang mit personenbezogenen Daten, die Sie uns w\u00e4hrend des Buchungs- und Kommunikationsprozesses \u00fcbermitteln.","breadcrumb":{"@id":"https:\/\/wildwestfjords.com\/privacy-policy\/#breadcrumb"},"inLanguage":"de","potentialAction":[{"@type":"ReadAction","target":["https:\/\/wildwestfjords.com\/privacy-policy\/"]}]},{"@type":"BreadcrumbList","@id":"https:\/\/wildwestfjords.com\/privacy-policy\/#breadcrumb","itemListElement":[{"@type":"ListItem","position":1,"name":"Home","item":"https:\/\/wildwestfjords.com\/"},{"@type":"ListItem","position":2,"name":"Privacy Policy"}]},{"@type":"WebSite","@id":"https:\/\/wildwestfjords.com\/#website","url":"https:\/\/wildwestfjords.com\/","name":"Wilde Westfjorde","description":"Ihr Westfjordexperte","publisher":{"@id":"https:\/\/wildwestfjords.com\/#organization"},"potentialAction":[{"@type":"SearchAction","target":{"@type":"EntryPoint","urlTemplate":"https:\/\/wildwestfjords.com\/?s={search_term_string}"},"query-input":{"@type":"PropertyValueSpecification","valueRequired":true,"valueName":"search_term_string"}}],"inLanguage":"de"},{"@type":"Organization","@id":"https:\/\/wildwestfjords.com\/#organization","name":"Wilde Westfjorde","url":"https:\/\/wildwestfjords.com\/","logo":{"@type":"ImageObject","inLanguage":"de","@id":"https:\/\/wildwestfjords.com\/#\/schema\/logo\/image\/","url":"https:\/\/wildwestfjords.com\/wp-content\/uploads\/2024\/09\/Final-01.png","contentUrl":"https:\/\/wildwestfjords.com\/wp-content\/uploads\/2024\/09\/Final-01.png","width":2560,"height":1275,"caption":"Wild Westfjords"},"image":{"@id":"https:\/\/wildwestfjords.com\/#\/schema\/logo\/image\/"},"sameAs":["https:\/\/www.facebook.com\/wildwestfjords","https:\/\/x.com\/wildwestfjords","https:\/\/www.instagram.com\/wildwestfjords\/"]}]}},"_links":{"self":[{"href":"https:\/\/wildwestfjords.com\/de\/wp-json\/wp\/v2\/pages\/1613","targetHints":{"allow":["GET"]}}],"collection":[{"href":"https:\/\/wildwestfjords.com\/de\/wp-json\/wp\/v2\/pages"}],"about":[{"href":"https:\/\/wildwestfjords.com\/de\/wp-json\/wp\/v2\/types\/page"}],"author":[{"embeddable":true,"href":"https:\/\/wildwestfjords.com\/de\/wp-json\/wp\/v2\/users\/2"}],"replies":[{"embeddable":true,"href":"https:\/\/wildwestfjords.com\/de\/wp-json\/wp\/v2\/comments?post=1613"}],"version-history":[{"count":7,"href":"https:\/\/wildwestfjords.com\/de\/wp-json\/wp\/v2\/pages\/1613\/revisions"}],"predecessor-version":[{"id":4740,"href":"https:\/\/wildwestfjords.com\/de\/wp-json\/wp\/v2\/pages\/1613\/revisions\/4740"}],"wp:attachment":[{"href":"https:\/\/wildwestfjords.com\/de\/wp-json\/wp\/v2\/media?parent=1613"}],"curies":[{"name":"wp","href":"https:\/\/api.w.org\/{rel}","templated":true}]}}