{"id":3757,"date":"2022-01-19T16:40:43","date_gmt":"2022-01-19T16:40:43","guid":{"rendered":"https:\/\/wildwestfjords.com\/?page_id=3757"},"modified":"2025-06-07T11:54:23","modified_gmt":"2025-06-07T11:54:23","slug":"holmavik","status":"publish","type":"page","link":"https:\/\/wildwestfjords.com\/de\/holmavik\/","title":{"rendered":"Holmavik"},"content":{"rendered":"<div data-elementor-type=\"wp-page\" data-elementor-id=\"3757\" class=\"elementor elementor-3757\" data-elementor-post-type=\"page\">\n\t\t\t\t\t\t<section class=\"elementor-section elementor-top-section elementor-element elementor-element-38166667 elementor-section-stretched elementor-section-full_width elementor-section-height-default elementor-section-height-default\" data-id=\"38166667\" data-element_type=\"section\" data-e-type=\"section\" data-settings=\"{&quot;stretch_section&quot;:&quot;section-stretched&quot;,&quot;background_background&quot;:&quot;classic&quot;}\">\n\t\t\t\t\t\t<div class=\"elementor-container elementor-column-gap-default\">\n\t\t\t\t\t<div class=\"elementor-column elementor-col-100 elementor-top-column elementor-element elementor-element-2e47f4a7\" data-id=\"2e47f4a7\" data-element_type=\"column\" data-e-type=\"column\">\n\t\t\t<div class=\"elementor-widget-wrap elementor-element-populated\">\n\t\t\t\t\t\t<section class=\"elementor-section elementor-inner-section elementor-element elementor-element-9dbdcce elementor-section-boxed elementor-section-height-default elementor-section-height-default\" data-id=\"9dbdcce\" data-element_type=\"section\" data-e-type=\"section\">\n\t\t\t\t\t\t<div class=\"elementor-container elementor-column-gap-default\">\n\t\t\t\t\t<div class=\"elementor-column elementor-col-100 elementor-inner-column elementor-element elementor-element-855aca8\" data-id=\"855aca8\" data-element_type=\"column\" data-e-type=\"column\">\n\t\t\t<div class=\"elementor-widget-wrap elementor-element-populated\">\n\t\t\t\t\t\t<div class=\"elementor-element elementor-element-225925b9 elementor-widget elementor-widget-spacer\" data-id=\"225925b9\" data-element_type=\"widget\" data-e-type=\"widget\" data-widget_type=\"spacer.default\">\n\t\t\t\t<div class=\"elementor-widget-container\">\n\t\t\t\t\t\t\t<div class=\"elementor-spacer\">\n\t\t\t<div class=\"elementor-spacer-inner\"><\/div>\n\t\t<\/div>\n\t\t\t\t\t\t<\/div>\n\t\t\t\t<\/div>\n\t\t\t\t<div class=\"elementor-element elementor-element-7860c0b0 elementor-widget elementor-widget-heading\" data-id=\"7860c0b0\" data-element_type=\"widget\" data-e-type=\"widget\" data-widget_type=\"heading.default\">\n\t\t\t\t<div class=\"elementor-widget-container\">\n\t\t\t\t\t<h2 class=\"elementor-heading-title elementor-size-default\">Holmavik Kreuzfahrt-Touren<\/h2>\t\t\t\t<\/div>\n\t\t\t\t<\/div>\n\t\t\t\t<div class=\"elementor-element elementor-element-8951975 elementor-widget elementor-widget-spacer\" data-id=\"8951975\" data-element_type=\"widget\" data-e-type=\"widget\" data-widget_type=\"spacer.default\">\n\t\t\t\t<div class=\"elementor-widget-container\">\n\t\t\t\t\t\t\t<div class=\"elementor-spacer\">\n\t\t\t<div class=\"elementor-spacer-inner\"><\/div>\n\t\t<\/div>\n\t\t\t\t\t\t<\/div>\n\t\t\t\t<\/div>\n\t\t\t\t\t<\/div>\n\t\t<\/div>\n\t\t\t\t\t<\/div>\n\t\t<\/section>\n\t\t\t\t\t<\/div>\n\t\t<\/div>\n\t\t\t\t\t<\/div>\n\t\t<\/section>\n\t\t\t\t<section class=\"elementor-section elementor-top-section elementor-element elementor-element-9679720 elementor-section-boxed elementor-section-height-default elementor-section-height-default\" data-id=\"9679720\" data-element_type=\"section\" data-e-type=\"section\">\n\t\t\t\t\t\t<div class=\"elementor-container elementor-column-gap-default\">\n\t\t\t\t\t<div class=\"elementor-column elementor-col-100 elementor-top-column elementor-element elementor-element-db3f9ce\" data-id=\"db3f9ce\" data-element_type=\"column\" data-e-type=\"column\">\n\t\t\t<div class=\"elementor-widget-wrap elementor-element-populated\">\n\t\t\t\t\t\t<div class=\"elementor-element elementor-element-d81ef99 elementor-widget elementor-widget-breadcrumbs\" data-id=\"d81ef99\" data-element_type=\"widget\" data-e-type=\"widget\" data-widget_type=\"breadcrumbs.default\">\n\t\t\t\t<div class=\"elementor-widget-container\">\n\t\t\t\t\t<p id=\"breadcrumbs\"><span><span><a href=\"https:\/\/wildwestfjords.com\/\">Startseite<\/a><\/span><\/span><\/p>\t\t\t\t<\/div>\n\t\t\t\t<\/div>\n\t\t\t\t<div class=\"elementor-element elementor-element-437c583 elementor-widget elementor-widget-text-editor\" data-id=\"437c583\" data-element_type=\"widget\" data-e-type=\"widget\" data-widget_type=\"text-editor.default\">\n\t\t\t\t<div class=\"elementor-widget-container\">\n\t\t\t\t\t\t\t\t\t<p style=\"font-size: 13px; line-height: 1.5em; margin-top: 2px; margin-bottom: 0.8em; overflow-wrap: break-word; color: #2c3338; font-family: -apple-system, 'system-ui', 'Segoe UI', Roboto, Oxygen-Sans, Ubuntu, Cantarell, 'Helvetica Neue', sans-serif; font-style: normal; font-weight: 400;\">Die Fahrt nach Holmavik f\u00fchrt durch die weniger besuchte Hunafloi-Bucht, die nach dem Eisb\u00e4ren benannt ist, der gelegentlich von Gr\u00f6nland hierher treibt.<br style=\"overflow-wrap: break-word;\" \/>Die Bucht trennt die Halbinsel Skagi im Nordwesten Islands von Strandir in den Westfjorden.<br style=\"overflow-wrap: break-word;\" \/>Die K\u00fcste ist mit d\u00fcnn besiedelten Fischerd\u00f6rfern \u00fcbers\u00e4t, und die Gew\u00e4sser sind reich an Meereslebewesen, insbesondere an Robben und Walen.<\/p><p style=\"font-size: 13px; line-height: 1.5em; margin-top: 2px; margin-bottom: 0.8em; overflow-wrap: break-word; color: #2c3338; font-family: -apple-system, 'system-ui', 'Segoe UI', Roboto, Oxygen-Sans, Ubuntu, Cantarell, 'Helvetica Neue', sans-serif; font-style: normal; font-weight: 400;\">Holmavik ist die gr\u00f6\u00dfte Stadt in Strandir, einer Region, die f\u00fcr ihre d\u00fcstere Geschichte der Hexerei und ihre unber\u00fchrte nat\u00fcrliche Sch\u00f6nheit bekannt ist.<br style=\"overflow-wrap: break-word;\" \/>Nur sehr wenige Reisende folgen der wenig befahrenen Schotterstra\u00dfe entlang der K\u00fcste von Strandir, um die einsamen Treibholzstr\u00e4nde und verlassenen Fischerd\u00f6rfer zu besuchen, in denen heute weniger als 50 Menschen leben.<\/p><p style=\"font-size: 13px; line-height: 1.5em; margin-top: 2px; margin-bottom: 0.8em; overflow-wrap: break-word; color: #2c3338; font-family: -apple-system, 'system-ui', 'Segoe UI', Roboto, Oxygen-Sans, Ubuntu, Cantarell, 'Helvetica Neue', sans-serif; font-style: normal; font-weight: 400;\">Der Steingrimsfjordur bietet einige der besten Gelegenheiten zur Walbeobachtung, und die Insel Grimsey ist fantastisch f\u00fcr Papageientaucher.<\/p>\t\t\t\t\t\t\t\t<\/div>\n\t\t\t\t<\/div>\n\t\t\t\t\t<\/div>\n\t\t<\/div>\n\t\t\t\t\t<\/div>\n\t\t<\/section>\n\t\t\t\t<section class=\"elementor-section elementor-top-section elementor-element elementor-element-6e00cf3 elementor-section-boxed elementor-section-height-default elementor-section-height-default\" data-id=\"6e00cf3\" data-element_type=\"section\" data-e-type=\"section\">\n\t\t\t\t\t\t<div class=\"elementor-container elementor-column-gap-default\">\n\t\t\t\t\t<div class=\"elementor-column elementor-col-100 elementor-top-column elementor-element elementor-element-556ecf6\" data-id=\"556ecf6\" data-element_type=\"column\" data-e-type=\"column\">\n\t\t\t<div class=\"elementor-widget-wrap elementor-element-populated\">\n\t\t\t\t\t\t<div class=\"elementor-element elementor-element-b8dbe00 elementor-widget elementor-widget-uael-posts\" data-id=\"b8dbe00\" data-element_type=\"widget\" data-e-type=\"widget\" data-settings=\"{&quot;card_slides_to_show&quot;:3,&quot;card_slides_to_show_tablet&quot;:2,&quot;card_slides_to_show_mobile&quot;:1}\" data-widget_type=\"uael-posts.card\">\n\t\t\t\t<div class=\"elementor-widget-container\">\n\t\t\t\t\t\t\t<div class=\"uael-post__header\">\n\t\t\t\t\t<\/div>\n\t\t<div class=\"uael-post__body\">\n\t\t\t\n\t\t\n\t\t<div class=\"uael-post-grid uael-posts\" data-query-type=\"custom\" data-structure=\"masonry\" data-layout=\"masonry\" data-page=\"3757\" data-skin=\"card\" data-filter-default=\"\" data-offset-top=\"30\" >\n\n\t\t\t\t\t\t\t<div class=\"uael-post-grid__inner uael-post__columns-3 uael-post__columns-tablet-2 uael-post__columns-mobile-1 uael-post-masonry\">\n\t\t\t\n<div class=\"uael-post-wrapper\">\n\t<div class=\"uael-post__bg-wrap\">\n\n\t\t\t\t\n\t\t<div class=\"uael-post__inner-wrap uael-post__noimage\">\n\n\t\t\n\t\t\t\n\t\t\t<div class=\"uael-post__content-wrap\">\n\n\t\t\t\t\t<h4 class=\"uael-post__title\">\n\n\t\t\n\t\t\t\t\t\t<a href=\"https:\/\/wildwestfjords.com\/de\/tours\/holmavik-strandir-coastline\/\" target=\"_self\">\n\t\t\t\tStrandir K\u00fcstenlinie\t\t\t<\/a>\n\n\t\t\t\t<\/h4>\n\t\t<div class=\"uael-post__separator\"><\/div>\n\t\t<div class=\"uael-post__excerpt\">\n\t\t\tMachen Sie eine Tour entlang der K\u00fcste von Strandir, um eine der abgelegensten Regionen Islands zu erkunden - Fischersiedlungen, Treibholzstr\u00e4nde, einsame Fjorde und dramatische Berge!\t\t<\/div>\n\n\t\t\t\t\t<a class=\"uael-post__read-more elementor-button\" href=\"https:\/\/wildwestfjords.com\/de\/tours\/holmavik-strandir-coastline\/\" target=\"_self\" aria-labelledby=\"uael-post-1696\">\n\t\t\t\t\t<span class=\"elementor-button-content-wrapper\">\n\t\t\t\t\t\t\t\t\t\t\t\t\t\t<span class=\"elementor-button-icon elementor-align-icon-left\">\n\n\t\t\t\t\t\t\t\t\t\n\t\t\t\t\t\t\t\t<\/span>\n\t\t\t\t\t\t\t\t\t\t\t\t\t\n\t\t\t\t\t\t<span class=\"elementor-button-text\" id=\"uael-post-1696\">Mehr lesen \u2192<\/span>\n\t\t\t\t\t<\/span>\n\t\t\t\t<\/a>\n\t\t\t\t\t\t<\/div>\n\t\t\t\n\t\t<\/div>\n\t\t\n\t<\/div>\n\n<\/div>\n\n<div class=\"uael-post-wrapper\">\n\t<div class=\"uael-post__bg-wrap\">\n\n\t\t\t\t\n\t\t<div class=\"uael-post__inner-wrap uael-post__noimage\">\n\n\t\t\n\t\t\t\n\t\t\t<div class=\"uael-post__content-wrap\">\n\n\t\t\t\t\t<h4 class=\"uael-post__title\">\n\n\t\t\n\t\t\t\t\t\t<a href=\"https:\/\/wildwestfjords.com\/de\/tours\/holmavik-kaldalon-isafjardardjup\/\" target=\"_self\">\n\t\t\t\tKaldalon &amp; Isafjardardjup\t\t\t<\/a>\n\n\t\t\t\t<\/h4>\n\t\t<div class=\"uael-post__separator\"><\/div>\n\t\t<div class=\"uael-post__excerpt\">\n\t\t\tEine Tour abseits der ausgetretenen Pfade zum Kaldalon-Gletscherbach und zum Drangajokull-Gletscher an der Nordk\u00fcste der wundersch\u00f6nen Isafjordur-Bucht.\t\t<\/div>\n\n\t\t\t\t\t<a class=\"uael-post__read-more elementor-button\" href=\"https:\/\/wildwestfjords.com\/de\/tours\/holmavik-kaldalon-isafjardardjup\/\" target=\"_self\" aria-labelledby=\"uael-post-1693\">\n\t\t\t\t\t<span class=\"elementor-button-content-wrapper\">\n\t\t\t\t\t\t\t\t\t\t\t\t\t\t<span class=\"elementor-button-icon elementor-align-icon-left\">\n\n\t\t\t\t\t\t\t\t\t\n\t\t\t\t\t\t\t\t<\/span>\n\t\t\t\t\t\t\t\t\t\t\t\t\t\n\t\t\t\t\t\t<span class=\"elementor-button-text\" id=\"uael-post-1693\">Mehr lesen \u2192<\/span>\n\t\t\t\t\t<\/span>\n\t\t\t\t<\/a>\n\t\t\t\t\t\t<\/div>\n\t\t\t\n\t\t<\/div>\n\t\t\n\t<\/div>\n\n<\/div>\n\t\t\t\t<\/div>\n\t\t\t\t\t\t\n\t\t<\/div>\n\n\t\t\t\t\t\t<\/div>\n\t\t<div class=\"uael-post__footer\">\n\t\t\t\t\t<\/div>\n\t\t\t\t\t\t<\/div>\n\t\t\t\t<\/div>\n\t\t\t\t\t<\/div>\n\t\t<\/div>\n\t\t\t\t\t<\/div>\n\t\t<\/section>\n\t\t\t\t<\/div>","protected":false},"excerpt":{"rendered":"<p>The journey to Holmavik will take you down the lesser-visited Hunafloi bay, named after the occasional polar bear that drifts here from Greenland.The bay separates the Skagi peninsula in North West Iceland from Strandir in the Westfjords.The coastline is dotted with sparsely populated fishing villages and the waters are rich in marine life, especially seals [&hellip;]<\/p>\n","protected":false},"author":1,"featured_media":0,"parent":0,"menu_order":0,"comment_status":"closed","ping_status":"closed","template":"","meta":{"_acf_changed":false,"site-sidebar-layout":"no-sidebar","site-content-layout":"page-builder","ast-site-content-layout":"full-width-container","site-content-style":"unboxed","site-sidebar-style":"unboxed","ast-global-header-display":"","ast-banner-title-visibility":"","ast-main-header-display":"","ast-hfb-above-header-display":"","ast-hfb-below-header-display":"","ast-hfb-mobile-header-display":"","site-post-title":"disabled","ast-breadcrumbs-content":"","ast-featured-img":"disabled","footer-sml-layout":"","theme-transparent-header-meta":"","adv-header-id-meta":"","stick-header-meta":"","header-above-stick-meta":"","header-main-stick-meta":"","header-below-stick-meta":"","astra-migrate-meta-layouts":"set","ast-page-background-enabled":"default","ast-page-background-meta":{"desktop":{"background-color":"","background-image":"","background-repeat":"repeat","background-position":"center center","background-size":"auto","background-attachment":"scroll","background-type":"","background-media":"","overlay-type":"","overlay-color":"","overlay-opacity":"","overlay-gradient":""},"tablet":{"background-color":"","background-image":"","background-repeat":"repeat","background-position":"center center","background-size":"auto","background-attachment":"scroll","background-type":"","background-media":"","overlay-type":"","overlay-color":"","overlay-opacity":"","overlay-gradient":""},"mobile":{"background-color":"","background-image":"","background-repeat":"repeat","background-position":"center center","background-size":"auto","background-attachment":"scroll","background-type":"","background-media":"","overlay-type":"","overlay-color":"","overlay-opacity":"","overlay-gradient":""}},"ast-content-background-meta":{"desktop":{"background-color":"var(--ast-global-color-5)","background-image":"","background-repeat":"repeat","background-position":"center center","background-size":"auto","background-attachment":"scroll","background-type":"","background-media":"","overlay-type":"","overlay-color":"","overlay-opacity":"","overlay-gradient":""},"tablet":{"background-color":"var(--ast-global-color-5)","background-image":"","background-repeat":"repeat","background-position":"center center","background-size":"auto","background-attachment":"scroll","background-type":"","background-media":"","overlay-type":"","overlay-color":"","overlay-opacity":"","overlay-gradient":""},"mobile":{"background-color":"var(--ast-global-color-5)","background-image":"","background-repeat":"repeat","background-position":"center center","background-size":"auto","background-attachment":"scroll","background-type":"","background-media":"","overlay-type":"","overlay-color":"","overlay-opacity":"","overlay-gradient":""}},"footnotes":""},"class_list":["post-3757","page","type-page","status-publish","hentry"],"acf":[],"yoast_head":"<!-- This site is optimized with the Yoast SEO plugin v27.3 - https:\/\/yoast.com\/product\/yoast-seo-wordpress\/ -->\n<title>Holmavik Cruise Tours \u2013 Explore Iceland&#039;s Witchcraft History and Natural Beauty<\/title>\n<meta name=\"description\" content=\"Holmavik is the largest town in Strandir, a region known for its dark history of witchcraft, and untouched natural beauty.\" \/>\n<meta name=\"robots\" content=\"index, follow, max-snippet:-1, max-image-preview:large, max-video-preview:-1\" \/>\n<link rel=\"canonical\" href=\"https:\/\/wildwestfjords.com\/de\/holmavik\/\" \/>\n<meta property=\"og:locale\" content=\"de_DE\" \/>\n<meta property=\"og:type\" content=\"article\" \/>\n<meta property=\"og:title\" content=\"Holmavik Cruise Tours \u2013 Explore Iceland&#039;s Witchcraft History and Natural Beauty\" \/>\n<meta property=\"og:description\" content=\"Holmavik is the largest town in Strandir, a region known for its dark history of witchcraft, and untouched natural beauty.\" \/>\n<meta property=\"og:url\" content=\"https:\/\/wildwestfjords.com\/de\/holmavik\/\" \/>\n<meta property=\"og:site_name\" content=\"Wild Westfjords\" \/>\n<meta property=\"article:publisher\" content=\"https:\/\/www.facebook.com\/wildwestfjords\" \/>\n<meta property=\"article:modified_time\" content=\"2025-06-07T11:54:23+00:00\" \/>\n<meta name=\"twitter:card\" content=\"summary_large_image\" \/>\n<meta name=\"twitter:site\" content=\"@wildwestfjords\" \/>\n<meta name=\"twitter:label1\" content=\"Gesch\u00e4tzte Lesezeit\" \/>\n\t<meta name=\"twitter:data1\" content=\"1\u00a0Minute\" \/>\n<script type=\"application\/ld+json\" class=\"yoast-schema-graph\">{\"@context\":\"https:\\\/\\\/schema.org\",\"@graph\":[{\"@type\":\"WebPage\",\"@id\":\"https:\\\/\\\/wildwestfjords.com\\\/holmavik\\\/\",\"url\":\"https:\\\/\\\/wildwestfjords.com\\\/holmavik\\\/\",\"name\":\"Holmavik Cruise Tours \u2013 Explore Iceland's Witchcraft History and Natural Beauty\",\"isPartOf\":{\"@id\":\"https:\\\/\\\/wildwestfjords.com\\\/#website\"},\"datePublished\":\"2022-01-19T16:40:43+00:00\",\"dateModified\":\"2025-06-07T11:54:23+00:00\",\"description\":\"Holmavik is the largest town in Strandir, a region known for its dark history of witchcraft, and untouched natural beauty.\",\"breadcrumb\":{\"@id\":\"https:\\\/\\\/wildwestfjords.com\\\/holmavik\\\/#breadcrumb\"},\"inLanguage\":\"de\",\"potentialAction\":[{\"@type\":\"ReadAction\",\"target\":[\"https:\\\/\\\/wildwestfjords.com\\\/holmavik\\\/\"]}]},{\"@type\":\"BreadcrumbList\",\"@id\":\"https:\\\/\\\/wildwestfjords.com\\\/holmavik\\\/#breadcrumb\",\"itemListElement\":[{\"@type\":\"ListItem\",\"position\":1,\"name\":\"Home\",\"item\":\"https:\\\/\\\/wildwestfjords.com\\\/\"},{\"@type\":\"ListItem\",\"position\":2,\"name\":\"Holmavik\"}]},{\"@type\":\"WebSite\",\"@id\":\"https:\\\/\\\/wildwestfjords.com\\\/#website\",\"url\":\"https:\\\/\\\/wildwestfjords.com\\\/\",\"name\":\"Wild Westfjords\",\"description\":\"Your Westfjords expert\",\"publisher\":{\"@id\":\"https:\\\/\\\/wildwestfjords.com\\\/#organization\"},\"potentialAction\":[{\"@type\":\"SearchAction\",\"target\":{\"@type\":\"EntryPoint\",\"urlTemplate\":\"https:\\\/\\\/wildwestfjords.com\\\/?s={search_term_string}\"},\"query-input\":{\"@type\":\"PropertyValueSpecification\",\"valueRequired\":true,\"valueName\":\"search_term_string\"}}],\"inLanguage\":\"de\"},{\"@type\":\"Organization\",\"@id\":\"https:\\\/\\\/wildwestfjords.com\\\/#organization\",\"name\":\"Wild Westfjords\",\"url\":\"https:\\\/\\\/wildwestfjords.com\\\/\",\"logo\":{\"@type\":\"ImageObject\",\"inLanguage\":\"de\",\"@id\":\"https:\\\/\\\/wildwestfjords.com\\\/#\\\/schema\\\/logo\\\/image\\\/\",\"url\":\"https:\\\/\\\/wildwestfjords.com\\\/wp-content\\\/uploads\\\/2024\\\/09\\\/Final-01.png\",\"contentUrl\":\"https:\\\/\\\/wildwestfjords.com\\\/wp-content\\\/uploads\\\/2024\\\/09\\\/Final-01.png\",\"width\":2560,\"height\":1275,\"caption\":\"Wild Westfjords\"},\"image\":{\"@id\":\"https:\\\/\\\/wildwestfjords.com\\\/#\\\/schema\\\/logo\\\/image\\\/\"},\"sameAs\":[\"https:\\\/\\\/www.facebook.com\\\/wildwestfjords\",\"https:\\\/\\\/x.com\\\/wildwestfjords\",\"https:\\\/\\\/www.instagram.com\\\/wildwestfjords\\\/\"]}]}<\/script>\n<!-- \/ Yoast SEO plugin. -->","yoast_head_json":{"title":"Holmavik Cruise Tours - Entdecken Sie Islands Hexengeschichte und Natursch\u00f6nheiten","description":"Holmavik ist die gr\u00f6\u00dfte Stadt in Strandir, einer Region, die f\u00fcr ihre d\u00fcstere Geschichte der Hexerei und ihre unber\u00fchrte nat\u00fcrliche Sch\u00f6nheit bekannt ist.","robots":{"index":"index","follow":"follow","max-snippet":"max-snippet:-1","max-image-preview":"max-image-preview:large","max-video-preview":"max-video-preview:-1"},"canonical":"https:\/\/wildwestfjords.com\/de\/holmavik\/","og_locale":"de_DE","og_type":"article","og_title":"Holmavik Cruise Tours \u2013 Explore Iceland's Witchcraft History and Natural Beauty","og_description":"Holmavik is the largest town in Strandir, a region known for its dark history of witchcraft, and untouched natural beauty.","og_url":"https:\/\/wildwestfjords.com\/de\/holmavik\/","og_site_name":"Wild Westfjords","article_publisher":"https:\/\/www.facebook.com\/wildwestfjords","article_modified_time":"2025-06-07T11:54:23+00:00","twitter_card":"summary_large_image","twitter_site":"@wildwestfjords","twitter_misc":{"Gesch\u00e4tzte Lesezeit":"1\u00a0Minute"},"schema":{"@context":"https:\/\/schema.org","@graph":[{"@type":"WebPage","@id":"https:\/\/wildwestfjords.com\/holmavik\/","url":"https:\/\/wildwestfjords.com\/holmavik\/","name":"Holmavik Cruise Tours - Entdecken Sie Islands Hexengeschichte und Natursch\u00f6nheiten","isPartOf":{"@id":"https:\/\/wildwestfjords.com\/#website"},"datePublished":"2022-01-19T16:40:43+00:00","dateModified":"2025-06-07T11:54:23+00:00","description":"Holmavik ist die gr\u00f6\u00dfte Stadt in Strandir, einer Region, die f\u00fcr ihre d\u00fcstere Geschichte der Hexerei und ihre unber\u00fchrte nat\u00fcrliche Sch\u00f6nheit bekannt ist.","breadcrumb":{"@id":"https:\/\/wildwestfjords.com\/holmavik\/#breadcrumb"},"inLanguage":"de","potentialAction":[{"@type":"ReadAction","target":["https:\/\/wildwestfjords.com\/holmavik\/"]}]},{"@type":"BreadcrumbList","@id":"https:\/\/wildwestfjords.com\/holmavik\/#breadcrumb","itemListElement":[{"@type":"ListItem","position":1,"name":"Home","item":"https:\/\/wildwestfjords.com\/"},{"@type":"ListItem","position":2,"name":"Holmavik"}]},{"@type":"WebSite","@id":"https:\/\/wildwestfjords.com\/#website","url":"https:\/\/wildwestfjords.com\/","name":"Wilde Westfjorde","description":"Ihr Westfjordexperte","publisher":{"@id":"https:\/\/wildwestfjords.com\/#organization"},"potentialAction":[{"@type":"SearchAction","target":{"@type":"EntryPoint","urlTemplate":"https:\/\/wildwestfjords.com\/?s={search_term_string}"},"query-input":{"@type":"PropertyValueSpecification","valueRequired":true,"valueName":"search_term_string"}}],"inLanguage":"de"},{"@type":"Organization","@id":"https:\/\/wildwestfjords.com\/#organization","name":"Wilde Westfjorde","url":"https:\/\/wildwestfjords.com\/","logo":{"@type":"ImageObject","inLanguage":"de","@id":"https:\/\/wildwestfjords.com\/#\/schema\/logo\/image\/","url":"https:\/\/wildwestfjords.com\/wp-content\/uploads\/2024\/09\/Final-01.png","contentUrl":"https:\/\/wildwestfjords.com\/wp-content\/uploads\/2024\/09\/Final-01.png","width":2560,"height":1275,"caption":"Wild Westfjords"},"image":{"@id":"https:\/\/wildwestfjords.com\/#\/schema\/logo\/image\/"},"sameAs":["https:\/\/www.facebook.com\/wildwestfjords","https:\/\/x.com\/wildwestfjords","https:\/\/www.instagram.com\/wildwestfjords\/"]}]}},"_links":{"self":[{"href":"https:\/\/wildwestfjords.com\/de\/wp-json\/wp\/v2\/pages\/3757","targetHints":{"allow":["GET"]}}],"collection":[{"href":"https:\/\/wildwestfjords.com\/de\/wp-json\/wp\/v2\/pages"}],"about":[{"href":"https:\/\/wildwestfjords.com\/de\/wp-json\/wp\/v2\/types\/page"}],"author":[{"embeddable":true,"href":"https:\/\/wildwestfjords.com\/de\/wp-json\/wp\/v2\/users\/1"}],"replies":[{"embeddable":true,"href":"https:\/\/wildwestfjords.com\/de\/wp-json\/wp\/v2\/comments?post=3757"}],"version-history":[{"count":47,"href":"https:\/\/wildwestfjords.com\/de\/wp-json\/wp\/v2\/pages\/3757\/revisions"}],"predecessor-version":[{"id":8334,"href":"https:\/\/wildwestfjords.com\/de\/wp-json\/wp\/v2\/pages\/3757\/revisions\/8334"}],"wp:attachment":[{"href":"https:\/\/wildwestfjords.com\/de\/wp-json\/wp\/v2\/media?parent=3757"}],"curies":[{"name":"wp","href":"https:\/\/api.w.org\/{rel}","templated":true}]}}