{"id":5006,"date":"2024-02-06T18:38:09","date_gmt":"2024-02-06T18:38:09","guid":{"rendered":"https:\/\/wildwestfjords.com\/?page_id=5006"},"modified":"2025-06-01T13:04:36","modified_gmt":"2025-06-01T13:04:36","slug":"kayaking-wakeboarding-tours","status":"publish","type":"page","link":"https:\/\/wildwestfjords.com\/fr\/kayaking-wakeboarding-tours\/","title":{"rendered":"Excursions en kayak et wakeboard"},"content":{"rendered":"<div data-elementor-type=\"wp-page\" data-elementor-id=\"5006\" class=\"elementor elementor-5006\" data-elementor-post-type=\"page\">\n\t\t\t\t\t\t<section class=\"elementor-section elementor-top-section elementor-element elementor-element-cd2ebd2 elementor-section-stretched elementor-section-full_width elementor-section-height-default elementor-section-height-default\" data-id=\"cd2ebd2\" data-element_type=\"section\" data-e-type=\"section\" data-settings=\"{&quot;stretch_section&quot;:&quot;section-stretched&quot;,&quot;background_background&quot;:&quot;classic&quot;}\">\n\t\t\t\t\t\t<div class=\"elementor-container elementor-column-gap-default\">\n\t\t\t\t\t<div class=\"elementor-column elementor-col-100 elementor-top-column elementor-element elementor-element-3b997288\" data-id=\"3b997288\" data-element_type=\"column\" data-e-type=\"column\">\n\t\t\t<div class=\"elementor-widget-wrap elementor-element-populated\">\n\t\t\t\t\t\t<section class=\"elementor-section elementor-inner-section elementor-element elementor-element-cf49b11 elementor-section-boxed elementor-section-height-default elementor-section-height-default\" data-id=\"cf49b11\" data-element_type=\"section\" data-e-type=\"section\">\n\t\t\t\t\t\t<div class=\"elementor-container elementor-column-gap-default\">\n\t\t\t\t\t<div class=\"elementor-column elementor-col-100 elementor-inner-column elementor-element elementor-element-6810157\" data-id=\"6810157\" data-element_type=\"column\" data-e-type=\"column\">\n\t\t\t<div class=\"elementor-widget-wrap elementor-element-populated\">\n\t\t\t\t\t\t<div class=\"elementor-element elementor-element-43d08f14 elementor-widget elementor-widget-spacer\" data-id=\"43d08f14\" data-element_type=\"widget\" data-e-type=\"widget\" data-widget_type=\"spacer.default\">\n\t\t\t\t<div class=\"elementor-widget-container\">\n\t\t\t\t\t\t\t<div class=\"elementor-spacer\">\n\t\t\t<div class=\"elementor-spacer-inner\"><\/div>\n\t\t<\/div>\n\t\t\t\t\t\t<\/div>\n\t\t\t\t<\/div>\n\t\t\t\t<div class=\"elementor-element elementor-element-f86efb5 elementor-widget elementor-widget-heading\" data-id=\"f86efb5\" data-element_type=\"widget\" data-e-type=\"widget\" data-widget_type=\"heading.default\">\n\t\t\t\t<div class=\"elementor-widget-container\">\n\t\t\t\t\t<h1 class=\"elementor-heading-title elementor-size-default\">Excursions en kayak et wakeboard<\/h1>\t\t\t\t<\/div>\n\t\t\t\t<\/div>\n\t\t\t\t<div class=\"elementor-element elementor-element-5b3ddc81 elementor-widget elementor-widget-spacer\" data-id=\"5b3ddc81\" data-element_type=\"widget\" data-e-type=\"widget\" data-widget_type=\"spacer.default\">\n\t\t\t\t<div class=\"elementor-widget-container\">\n\t\t\t\t\t\t\t<div class=\"elementor-spacer\">\n\t\t\t<div class=\"elementor-spacer-inner\"><\/div>\n\t\t<\/div>\n\t\t\t\t\t\t<\/div>\n\t\t\t\t<\/div>\n\t\t\t\t\t<\/div>\n\t\t<\/div>\n\t\t\t\t\t<\/div>\n\t\t<\/section>\n\t\t\t\t\t<\/div>\n\t\t<\/div>\n\t\t\t\t\t<\/div>\n\t\t<\/section>\n\t\t\t\t<section class=\"elementor-section elementor-top-section elementor-element elementor-element-01ba9ca elementor-section-boxed elementor-section-height-default elementor-section-height-default\" data-id=\"01ba9ca\" data-element_type=\"section\" data-e-type=\"section\">\n\t\t\t\t\t\t<div class=\"elementor-container elementor-column-gap-default\">\n\t\t\t\t\t<div class=\"elementor-column elementor-col-100 elementor-top-column elementor-element elementor-element-ff2594c\" data-id=\"ff2594c\" data-element_type=\"column\" data-e-type=\"column\">\n\t\t\t<div class=\"elementor-widget-wrap elementor-element-populated\">\n\t\t\t\t\t\t<div class=\"elementor-element elementor-element-53fe54e elementor-widget elementor-widget-breadcrumbs\" data-id=\"53fe54e\" data-element_type=\"widget\" data-e-type=\"widget\" data-widget_type=\"breadcrumbs.default\">\n\t\t\t\t<div class=\"elementor-widget-container\">\n\t\t\t\t\t<p id=\"breadcrumbs\"><span><span><a href=\"https:\/\/wildwestfjords.com\/\">Accueil<\/a><\/span><\/span><\/p>\t\t\t\t<\/div>\n\t\t\t\t<\/div>\n\t\t\t\t\t<\/div>\n\t\t<\/div>\n\t\t\t\t\t<\/div>\n\t\t<\/section>\n\t\t\t\t<section class=\"elementor-section elementor-top-section elementor-element elementor-element-a7fec4b elementor-section-boxed elementor-section-height-default elementor-section-height-default\" data-id=\"a7fec4b\" data-element_type=\"section\" data-e-type=\"section\">\n\t\t\t\t\t\t<div class=\"elementor-container elementor-column-gap-default\">\n\t\t\t\t\t<div class=\"elementor-column elementor-col-100 elementor-top-column elementor-element elementor-element-fbc372e\" data-id=\"fbc372e\" data-element_type=\"column\" data-e-type=\"column\">\n\t\t\t<div class=\"elementor-widget-wrap elementor-element-populated\">\n\t\t\t\t\t\t<div class=\"elementor-element elementor-element-a95147e elementor-widget elementor-widget-text-editor\" data-id=\"a95147e\" data-element_type=\"widget\" data-e-type=\"widget\" data-widget_type=\"text-editor.default\">\n\t\t\t\t<div class=\"elementor-widget-container\">\n\t\t\t\t\t\t\t\t\t<p>Les Westfjords sont la r\u00e9gion d'Islande la plus propice au kayak de mer, au paddle board et au wake board. Profitez des vues \u00e0 couper le souffle, de l'avifaune et des phoques.<\/p>\t\t\t\t\t\t\t\t<\/div>\n\t\t\t\t<\/div>\n\t\t\t\t\t<\/div>\n\t\t<\/div>\n\t\t\t\t\t<\/div>\n\t\t<\/section>\n\t\t\t\t<section class=\"elementor-section elementor-top-section elementor-element elementor-element-7f1e164 elementor-section-boxed elementor-section-height-default elementor-section-height-default\" data-id=\"7f1e164\" data-element_type=\"section\" data-e-type=\"section\">\n\t\t\t\t\t\t<div class=\"elementor-container elementor-column-gap-default\">\n\t\t\t\t\t<div class=\"elementor-column elementor-col-100 elementor-top-column elementor-element elementor-element-9d30e63\" data-id=\"9d30e63\" data-element_type=\"column\" data-e-type=\"column\">\n\t\t\t<div class=\"elementor-widget-wrap elementor-element-populated\">\n\t\t\t\t\t\t<div class=\"elementor-element elementor-element-432d1c5 elementor-widget elementor-widget-tour_search\" data-id=\"432d1c5\" data-element_type=\"widget\" data-e-type=\"widget\" data-widget_type=\"tour_search.default\">\n\t\t\t\t<div class=\"elementor-widget-container\">\n\t\t\t\t\t<form id=\"tour-search-form\" action=\"\"><input type=\"date\" name=\"from_date\" value=\"\" placeholder=\"Date de d\u00e9but\"><input type=\"date\" name=\"till_date\" value=\"\" placeholder=\"Jusqu&#039;\u00e0 ce jour\"><select name=\"tour_theme\" class=\"hidden\"><option value=\"\">S\u00e9lectionner les th\u00e8mes de la tourn\u00e9e<\/option><option value=\"biking-tours\">Randonn\u00e9es \u00e0 v\u00e9lo<\/option><option value=\"birds-wildlife-tours\">Visites des oiseaux et de la faune<\/option><option value=\"boat-tours\">Excursions en bateau<\/option><option value=\"culture-history-tours\">Visites culturelles et historiques<\/option><option value=\"hiking\">Randonn\u00e9e et trekking<\/option><option value=\"hornstrandir-tours\">Tours de Hornstrandir<\/option><option value=\"horse-riding-tours\">Circuits d'\u00e9quitation<\/option><option value=\"kayaking-wakeboarding-tours\" selected='selected'>Excursions en kayak et wakeboard<\/option><option value=\"sightseeing-tours\">Visites guid\u00e9es<\/option><option value=\"winter-tours\">Circuits d'hiver<\/option><\/select><select name=\"tour_type\" class=\"hidden\"><option value=\"\">S\u00e9lectionner les types de visites<\/option><option value=\"cruise-tours\">Circuits de croisi\u00e8re<\/option><option value=\"day-tours\">Excursions d'une journ\u00e9e<\/option><option value=\"multi-day-tours\">Circuits de plusieurs jours<\/option><option value=\"road-trips\">Voyages en voiture<\/option><\/select><input type=\"submit\" value=\"Recherche de circuits\"><input type=\"button\" id=\"clear-date-search\" value=\"Clair\"><input type=\"hidden\" name=\"trp-form-language\" value=\"fr\"\/><\/form><div id=\"search-results\"><\/div>\t\t\t\t<\/div>\n\t\t\t\t<\/div>\n\t\t\t\t\t<\/div>\n\t\t<\/div>\n\t\t\t\t\t<\/div>\n\t\t<\/section>\n\t\t\t\t<\/div>","protected":false},"excerpt":{"rendered":"<p>Excursions en kayak et wakeboard Les Westfjords sont la r\u00e9gion d'Islande la plus propice au kayak de mer, au paddle board et au wake board. Profitez des vues \u00e0 couper le souffle, de l'avifaune et des phoques. S\u00e9lectionner les th\u00e8mes des circuitsV\u00e9loOiseaux et fauneBateauCulture et histoireRandonn\u00e9e et trekkingHornstrandirEquitationKayak et wakeboardVisites touristiquesVisites hivernalesS\u00e9lectionner les types de circuitsCroisi\u00e8reVisites \u00e0 la journ\u00e9eVisites \u00e0 plusieurs joursVisites routi\u00e8res<\/p>","protected":false},"author":2,"featured_media":0,"parent":0,"menu_order":0,"comment_status":"closed","ping_status":"closed","template":"","meta":{"_acf_changed":false,"site-sidebar-layout":"no-sidebar","site-content-layout":"page-builder","ast-site-content-layout":"full-width-container","site-content-style":"unboxed","site-sidebar-style":"unboxed","ast-global-header-display":"","ast-banner-title-visibility":"","ast-main-header-display":"","ast-hfb-above-header-display":"","ast-hfb-below-header-display":"","ast-hfb-mobile-header-display":"","site-post-title":"disabled","ast-breadcrumbs-content":"","ast-featured-img":"disabled","footer-sml-layout":"","theme-transparent-header-meta":"default","adv-header-id-meta":"","stick-header-meta":"default","header-above-stick-meta":"","header-main-stick-meta":"","header-below-stick-meta":"","astra-migrate-meta-layouts":"set","ast-page-background-enabled":"default","ast-page-background-meta":{"desktop":{"background-color":"","background-image":"","background-repeat":"repeat","background-position":"center center","background-size":"auto","background-attachment":"scroll","background-type":"","background-media":"","overlay-type":"","overlay-color":"","overlay-opacity":"","overlay-gradient":""},"tablet":{"background-color":"","background-image":"","background-repeat":"repeat","background-position":"center center","background-size":"auto","background-attachment":"scroll","background-type":"","background-media":"","overlay-type":"","overlay-color":"","overlay-opacity":"","overlay-gradient":""},"mobile":{"background-color":"","background-image":"","background-repeat":"repeat","background-position":"center center","background-size":"auto","background-attachment":"scroll","background-type":"","background-media":"","overlay-type":"","overlay-color":"","overlay-opacity":"","overlay-gradient":""}},"ast-content-background-meta":{"desktop":{"background-color":"var(--ast-global-color-5)","background-image":"","background-repeat":"repeat","background-position":"center center","background-size":"auto","background-attachment":"scroll","background-type":"","background-media":"","overlay-type":"","overlay-color":"","overlay-opacity":"","overlay-gradient":""},"tablet":{"background-color":"var(--ast-global-color-5)","background-image":"","background-repeat":"repeat","background-position":"center center","background-size":"auto","background-attachment":"scroll","background-type":"","background-media":"","overlay-type":"","overlay-color":"","overlay-opacity":"","overlay-gradient":""},"mobile":{"background-color":"var(--ast-global-color-5)","background-image":"","background-repeat":"repeat","background-position":"center center","background-size":"auto","background-attachment":"scroll","background-type":"","background-media":"","overlay-type":"","overlay-color":"","overlay-opacity":"","overlay-gradient":""}},"footnotes":""},"class_list":["post-5006","page","type-page","status-publish","hentry"],"acf":[],"yoast_head":"<!-- This site is optimized with the Yoast SEO plugin v27.3 - https:\/\/yoast.com\/product\/yoast-seo-wordpress\/ -->\n<title>Iceland Kayaking Tours | Wakeboarding Iceland | Kayaking in Isafjordur<\/title>\n<meta name=\"description\" content=\"Iceland kayaking tours offer thrilling water adventures. Experience wakeboarding Iceland and kayaking in Isafjordur for unforgettable Westfjords water sports fun.\" \/>\n<meta name=\"robots\" content=\"index, follow, max-snippet:-1, max-image-preview:large, max-video-preview:-1\" \/>\n<link rel=\"canonical\" href=\"https:\/\/wildwestfjords.com\/fr\/kayaking-wakeboarding-tours\/\" \/>\n<meta property=\"og:locale\" content=\"fr_FR\" \/>\n<meta property=\"og:type\" content=\"article\" \/>\n<meta property=\"og:title\" content=\"Iceland Kayaking Tours | Wakeboarding Iceland | Kayaking in Isafjordur\" \/>\n<meta property=\"og:description\" content=\"Iceland kayaking tours offer thrilling water adventures. Experience wakeboarding Iceland and kayaking in Isafjordur for unforgettable Westfjords water sports fun.\" \/>\n<meta property=\"og:url\" content=\"https:\/\/wildwestfjords.com\/fr\/kayaking-wakeboarding-tours\/\" \/>\n<meta property=\"og:site_name\" content=\"Wild Westfjords\" \/>\n<meta property=\"article:publisher\" content=\"https:\/\/www.facebook.com\/wildwestfjords\" \/>\n<meta property=\"article:modified_time\" content=\"2025-06-01T13:04:36+00:00\" \/>\n<meta name=\"twitter:card\" content=\"summary_large_image\" \/>\n<meta name=\"twitter:site\" content=\"@wildwestfjords\" \/>\n<meta name=\"twitter:label1\" content=\"Dur\u00e9e de lecture estim\u00e9e\" \/>\n\t<meta name=\"twitter:data1\" content=\"1 minute\" \/>\n<script type=\"application\/ld+json\" class=\"yoast-schema-graph\">{\"@context\":\"https:\\\/\\\/schema.org\",\"@graph\":[{\"@type\":\"WebPage\",\"@id\":\"https:\\\/\\\/wildwestfjords.com\\\/kayaking-wakeboarding-tours\\\/\",\"url\":\"https:\\\/\\\/wildwestfjords.com\\\/kayaking-wakeboarding-tours\\\/\",\"name\":\"Iceland Kayaking Tours | Wakeboarding Iceland | Kayaking in Isafjordur\",\"isPartOf\":{\"@id\":\"https:\\\/\\\/wildwestfjords.com\\\/#website\"},\"datePublished\":\"2024-02-06T18:38:09+00:00\",\"dateModified\":\"2025-06-01T13:04:36+00:00\",\"description\":\"Iceland kayaking tours offer thrilling water adventures. Experience wakeboarding Iceland and kayaking in Isafjordur for unforgettable Westfjords water sports fun.\",\"breadcrumb\":{\"@id\":\"https:\\\/\\\/wildwestfjords.com\\\/kayaking-wakeboarding-tours\\\/#breadcrumb\"},\"inLanguage\":\"fr-FR\",\"potentialAction\":[{\"@type\":\"ReadAction\",\"target\":[\"https:\\\/\\\/wildwestfjords.com\\\/kayaking-wakeboarding-tours\\\/\"]}]},{\"@type\":\"BreadcrumbList\",\"@id\":\"https:\\\/\\\/wildwestfjords.com\\\/kayaking-wakeboarding-tours\\\/#breadcrumb\",\"itemListElement\":[{\"@type\":\"ListItem\",\"position\":1,\"name\":\"Home\",\"item\":\"https:\\\/\\\/wildwestfjords.com\\\/\"},{\"@type\":\"ListItem\",\"position\":2,\"name\":\"Kayaking &#038; Wakeboarding Tours\"}]},{\"@type\":\"WebSite\",\"@id\":\"https:\\\/\\\/wildwestfjords.com\\\/#website\",\"url\":\"https:\\\/\\\/wildwestfjords.com\\\/\",\"name\":\"Wild Westfjords\",\"description\":\"Your Westfjords expert\",\"publisher\":{\"@id\":\"https:\\\/\\\/wildwestfjords.com\\\/#organization\"},\"potentialAction\":[{\"@type\":\"SearchAction\",\"target\":{\"@type\":\"EntryPoint\",\"urlTemplate\":\"https:\\\/\\\/wildwestfjords.com\\\/?s={search_term_string}\"},\"query-input\":{\"@type\":\"PropertyValueSpecification\",\"valueRequired\":true,\"valueName\":\"search_term_string\"}}],\"inLanguage\":\"fr-FR\"},{\"@type\":\"Organization\",\"@id\":\"https:\\\/\\\/wildwestfjords.com\\\/#organization\",\"name\":\"Wild Westfjords\",\"url\":\"https:\\\/\\\/wildwestfjords.com\\\/\",\"logo\":{\"@type\":\"ImageObject\",\"inLanguage\":\"fr-FR\",\"@id\":\"https:\\\/\\\/wildwestfjords.com\\\/#\\\/schema\\\/logo\\\/image\\\/\",\"url\":\"https:\\\/\\\/wildwestfjords.com\\\/wp-content\\\/uploads\\\/2024\\\/09\\\/Final-01.png\",\"contentUrl\":\"https:\\\/\\\/wildwestfjords.com\\\/wp-content\\\/uploads\\\/2024\\\/09\\\/Final-01.png\",\"width\":2560,\"height\":1275,\"caption\":\"Wild Westfjords\"},\"image\":{\"@id\":\"https:\\\/\\\/wildwestfjords.com\\\/#\\\/schema\\\/logo\\\/image\\\/\"},\"sameAs\":[\"https:\\\/\\\/www.facebook.com\\\/wildwestfjords\",\"https:\\\/\\\/x.com\\\/wildwestfjords\",\"https:\\\/\\\/www.instagram.com\\\/wildwestfjords\\\/\"]}]}<\/script>\n<!-- \/ Yoast SEO plugin. -->","yoast_head_json":{"title":"Excursions en Islande | Wakeboarding Islande | Kayak \u00e0 Isafjordur","description":"Les excursions en kayak en Islande offrent des aventures aquatiques palpitantes. D\u00e9couvrez le wakeboard en Islande et le kayak \u00e0 Isafjordur pour des sports nautiques inoubliables dans les Westfjords.","robots":{"index":"index","follow":"follow","max-snippet":"max-snippet:-1","max-image-preview":"max-image-preview:large","max-video-preview":"max-video-preview:-1"},"canonical":"https:\/\/wildwestfjords.com\/fr\/kayaking-wakeboarding-tours\/","og_locale":"fr_FR","og_type":"article","og_title":"Iceland Kayaking Tours | Wakeboarding Iceland | Kayaking in Isafjordur","og_description":"Iceland kayaking tours offer thrilling water adventures. Experience wakeboarding Iceland and kayaking in Isafjordur for unforgettable Westfjords water sports fun.","og_url":"https:\/\/wildwestfjords.com\/fr\/kayaking-wakeboarding-tours\/","og_site_name":"Wild Westfjords","article_publisher":"https:\/\/www.facebook.com\/wildwestfjords","article_modified_time":"2025-06-01T13:04:36+00:00","twitter_card":"summary_large_image","twitter_site":"@wildwestfjords","twitter_misc":{"Dur\u00e9e de lecture estim\u00e9e":"1 minute"},"schema":{"@context":"https:\/\/schema.org","@graph":[{"@type":"WebPage","@id":"https:\/\/wildwestfjords.com\/kayaking-wakeboarding-tours\/","url":"https:\/\/wildwestfjords.com\/kayaking-wakeboarding-tours\/","name":"Excursions en Islande | Wakeboarding Islande | Kayak \u00e0 Isafjordur","isPartOf":{"@id":"https:\/\/wildwestfjords.com\/#website"},"datePublished":"2024-02-06T18:38:09+00:00","dateModified":"2025-06-01T13:04:36+00:00","description":"Les excursions en kayak en Islande offrent des aventures aquatiques palpitantes. D\u00e9couvrez le wakeboard en Islande et le kayak \u00e0 Isafjordur pour des sports nautiques inoubliables dans les Westfjords.","breadcrumb":{"@id":"https:\/\/wildwestfjords.com\/kayaking-wakeboarding-tours\/#breadcrumb"},"inLanguage":"fr-FR","potentialAction":[{"@type":"ReadAction","target":["https:\/\/wildwestfjords.com\/kayaking-wakeboarding-tours\/"]}]},{"@type":"BreadcrumbList","@id":"https:\/\/wildwestfjords.com\/kayaking-wakeboarding-tours\/#breadcrumb","itemListElement":[{"@type":"ListItem","position":1,"name":"Home","item":"https:\/\/wildwestfjords.com\/"},{"@type":"ListItem","position":2,"name":"Kayaking &#038; Wakeboarding Tours"}]},{"@type":"WebSite","@id":"https:\/\/wildwestfjords.com\/#website","url":"https:\/\/wildwestfjords.com\/","name":"Les Westfjords sauvages","description":"Votre expert des Westfjords","publisher":{"@id":"https:\/\/wildwestfjords.com\/#organization"},"potentialAction":[{"@type":"SearchAction","target":{"@type":"EntryPoint","urlTemplate":"https:\/\/wildwestfjords.com\/?s={search_term_string}"},"query-input":{"@type":"PropertyValueSpecification","valueRequired":true,"valueName":"search_term_string"}}],"inLanguage":"fr-FR"},{"@type":"Organization","@id":"https:\/\/wildwestfjords.com\/#organization","name":"Les Westfjords sauvages","url":"https:\/\/wildwestfjords.com\/","logo":{"@type":"ImageObject","inLanguage":"fr-FR","@id":"https:\/\/wildwestfjords.com\/#\/schema\/logo\/image\/","url":"https:\/\/wildwestfjords.com\/wp-content\/uploads\/2024\/09\/Final-01.png","contentUrl":"https:\/\/wildwestfjords.com\/wp-content\/uploads\/2024\/09\/Final-01.png","width":2560,"height":1275,"caption":"Wild Westfjords"},"image":{"@id":"https:\/\/wildwestfjords.com\/#\/schema\/logo\/image\/"},"sameAs":["https:\/\/www.facebook.com\/wildwestfjords","https:\/\/x.com\/wildwestfjords","https:\/\/www.instagram.com\/wildwestfjords\/"]}]}},"_links":{"self":[{"href":"https:\/\/wildwestfjords.com\/fr\/wp-json\/wp\/v2\/pages\/5006","targetHints":{"allow":["GET"]}}],"collection":[{"href":"https:\/\/wildwestfjords.com\/fr\/wp-json\/wp\/v2\/pages"}],"about":[{"href":"https:\/\/wildwestfjords.com\/fr\/wp-json\/wp\/v2\/types\/page"}],"author":[{"embeddable":true,"href":"https:\/\/wildwestfjords.com\/fr\/wp-json\/wp\/v2\/users\/2"}],"replies":[{"embeddable":true,"href":"https:\/\/wildwestfjords.com\/fr\/wp-json\/wp\/v2\/comments?post=5006"}],"version-history":[{"count":31,"href":"https:\/\/wildwestfjords.com\/fr\/wp-json\/wp\/v2\/pages\/5006\/revisions"}],"predecessor-version":[{"id":8216,"href":"https:\/\/wildwestfjords.com\/fr\/wp-json\/wp\/v2\/pages\/5006\/revisions\/8216"}],"wp:attachment":[{"href":"https:\/\/wildwestfjords.com\/fr\/wp-json\/wp\/v2\/media?parent=5006"}],"curies":[{"name":"wp","href":"https:\/\/api.w.org\/{rel}","templated":true}]}}